{"id":1035,"date":"2019-02-27T16:13:27","date_gmt":"2019-02-27T16:13:27","guid":{"rendered":"http:\/\/akmannikahvebalo.com\/?page_id=1035"},"modified":"2020-09-15T12:10:55","modified_gmt":"2020-09-15T12:10:55","slug":"nikah","status":"publish","type":"page","link":"https:\/\/akmannikahvebalo.com\/?page_id=1035","title":{"rendered":"Nikah"},"content":{"rendered":"\n<p> G\u00fcne\u015f Ve Ya\u011fmurdan Etkilenmeyen Ankara&#8217;n\u0131n Tek A\u00e7\u0131k Hava K\u0131r Nikah\u0131 <\/p>\n\n\n\n<p> G\u00f6lsesi Havuz Ba\u015f\u0131nda  &#8221; EVET &#8221; demek ister misiniz.<\/p>\n\n\n\n<ul class=\"wp-block-gallery columns-3 is-cropped wp-block-gallery-1 is-layout-flex wp-block-gallery-is-layout-flex\"><li class=\"blocks-gallery-item\"><figure><a href=\"https:\/\/akmannikahvebalo.com\/wp-content\/uploads\/2015\/12\/7-1280x768-1024x640.jpg\" data-rel=\"lightbox-gallery-Rvj85dxK\" data-rl_title=\"\" data-rl_caption=\"\" title=\"\"><img loading=\"lazy\" decoding=\"async\" width=\"1024\" height=\"640\" src=\"https:\/\/akmannikahvebalo.com\/wp-content\/uploads\/2015\/12\/7-1280x768-1024x640.jpg\" alt=\"\" data-id=\"1201\" data-link=\"https:\/\/akmannikahvebalo.com\/?attachment_id=1201\" class=\"wp-image-1201\" srcset=\"https:\/\/akmannikahvebalo.com\/wp-content\/uploads\/2015\/12\/7-1280x768-1024x640.jpg 1024w, https:\/\/akmannikahvebalo.com\/wp-content\/uploads\/2015\/12\/7-1280x768-300x188.jpg 300w, https:\/\/akmannikahvebalo.com\/wp-content\/uploads\/2015\/12\/7-1280x768-768x480.jpg 768w, https:\/\/akmannikahvebalo.com\/wp-content\/uploads\/2015\/12\/7-1280x768-600x375.jpg 600w, https:\/\/akmannikahvebalo.com\/wp-content\/uploads\/2015\/12\/7-1280x768.jpg 1228w\" sizes=\"auto, (max-width: 1024px) 100vw, 1024px\" \/><\/a><\/figure><\/li><li class=\"blocks-gallery-item\"><figure><a href=\"https:\/\/akmannikahvebalo.com\/wp-content\/uploads\/2015\/12\/8-1280x768-1024x578.jpg\" data-rel=\"lightbox-gallery-Rvj85dxK\" data-rl_title=\"\" data-rl_caption=\"\" title=\"\"><img loading=\"lazy\" decoding=\"async\" width=\"1024\" height=\"578\" src=\"https:\/\/akmannikahvebalo.com\/wp-content\/uploads\/2015\/12\/8-1280x768-1024x578.jpg\" alt=\"\" data-id=\"1213\" data-link=\"https:\/\/akmannikahvebalo.com\/?attachment_id=1213\" class=\"wp-image-1213\" srcset=\"https:\/\/akmannikahvebalo.com\/wp-content\/uploads\/2015\/12\/8-1280x768-1024x578.jpg 1024w, https:\/\/akmannikahvebalo.com\/wp-content\/uploads\/2015\/12\/8-1280x768-300x169.jpg 300w, https:\/\/akmannikahvebalo.com\/wp-content\/uploads\/2015\/12\/8-1280x768-768x434.jpg 768w, https:\/\/akmannikahvebalo.com\/wp-content\/uploads\/2015\/12\/8-1280x768-600x339.jpg 600w, https:\/\/akmannikahvebalo.com\/wp-content\/uploads\/2015\/12\/8-1280x768.jpg 1280w\" sizes=\"auto, (max-width: 1024px) 100vw, 1024px\" \/><\/a><\/figure><\/li><li class=\"blocks-gallery-item\"><figure><a href=\"https:\/\/akmannikahvebalo.com\/wp-content\/uploads\/2015\/12\/9-1280x768-1024x542.jpg\" data-rel=\"lightbox-gallery-Rvj85dxK\" data-rl_title=\"\" data-rl_caption=\"\" title=\"\"><img loading=\"lazy\" decoding=\"async\" width=\"1024\" height=\"542\" src=\"https:\/\/akmannikahvebalo.com\/wp-content\/uploads\/2015\/12\/9-1280x768-1024x542.jpg\" alt=\"\" data-id=\"1211\" data-link=\"https:\/\/akmannikahvebalo.com\/?attachment_id=1211\" class=\"wp-image-1211\" srcset=\"https:\/\/akmannikahvebalo.com\/wp-content\/uploads\/2015\/12\/9-1280x768-1024x542.jpg 1024w, https:\/\/akmannikahvebalo.com\/wp-content\/uploads\/2015\/12\/9-1280x768-300x159.jpg 300w, https:\/\/akmannikahvebalo.com\/wp-content\/uploads\/2015\/12\/9-1280x768-768x407.jpg 768w, https:\/\/akmannikahvebalo.com\/wp-content\/uploads\/2015\/12\/9-1280x768-600x318.jpg 600w, https:\/\/akmannikahvebalo.com\/wp-content\/uploads\/2015\/12\/9-1280x768.jpg 1280w\" sizes=\"auto, (max-width: 1024px) 100vw, 1024px\" \/><\/a><\/figure><\/li><li class=\"blocks-gallery-item\"><figure><a href=\"https:\/\/akmannikahvebalo.com\/wp-content\/uploads\/2019\/01\/DSC_3244-1280x768-1024x683.jpg\" data-rel=\"lightbox-gallery-Rvj85dxK\" data-rl_title=\"\" data-rl_caption=\"\" title=\"\"><img loading=\"lazy\" decoding=\"async\" width=\"1024\" height=\"683\" src=\"https:\/\/akmannikahvebalo.com\/wp-content\/uploads\/2019\/01\/DSC_3244-1280x768-1024x683.jpg\" alt=\"\" data-id=\"1119\" data-link=\"https:\/\/akmannikahvebalo.com\/?attachment_id=1119\" class=\"wp-image-1119\" srcset=\"https:\/\/akmannikahvebalo.com\/wp-content\/uploads\/2019\/01\/DSC_3244-1280x768-1024x683.jpg 1024w, https:\/\/akmannikahvebalo.com\/wp-content\/uploads\/2019\/01\/DSC_3244-1280x768-300x200.jpg 300w, https:\/\/akmannikahvebalo.com\/wp-content\/uploads\/2019\/01\/DSC_3244-1280x768-768x512.jpg 768w, https:\/\/akmannikahvebalo.com\/wp-content\/uploads\/2019\/01\/DSC_3244-1280x768-600x400.jpg 600w, https:\/\/akmannikahvebalo.com\/wp-content\/uploads\/2019\/01\/DSC_3244-1280x768.jpg 1151w\" sizes=\"auto, (max-width: 1024px) 100vw, 1024px\" \/><\/a><\/figure><\/li><li class=\"blocks-gallery-item\"><figure><a href=\"https:\/\/akmannikahvebalo.com\/wp-content\/uploads\/2019\/08\/1-1280x768-1024x518.jpg\" data-rel=\"lightbox-gallery-Rvj85dxK\" data-rl_title=\"\" data-rl_caption=\"\" title=\"\"><img loading=\"lazy\" decoding=\"async\" width=\"1024\" height=\"518\" src=\"https:\/\/akmannikahvebalo.com\/wp-content\/uploads\/2019\/08\/1-1280x768-1024x518.jpg\" alt=\"\" data-id=\"1335\" data-link=\"https:\/\/akmannikahvebalo.com\/?attachment_id=1335\" class=\"wp-image-1335\" srcset=\"https:\/\/akmannikahvebalo.com\/wp-content\/uploads\/2019\/08\/1-1280x768-1024x518.jpg 1024w, https:\/\/akmannikahvebalo.com\/wp-content\/uploads\/2019\/08\/1-1280x768-300x152.jpg 300w, https:\/\/akmannikahvebalo.com\/wp-content\/uploads\/2019\/08\/1-1280x768-768x388.jpg 768w, https:\/\/akmannikahvebalo.com\/wp-content\/uploads\/2019\/08\/1-1280x768-600x303.jpg 600w, https:\/\/akmannikahvebalo.com\/wp-content\/uploads\/2019\/08\/1-1280x768.jpg 1280w\" sizes=\"auto, (max-width: 1024px) 100vw, 1024px\" \/><\/a><\/figure><\/li><li class=\"blocks-gallery-item\"><figure><a href=\"https:\/\/akmannikahvebalo.com\/wp-content\/uploads\/2015\/12\/10-1280x768-1024x431.jpg\" data-rel=\"lightbox-gallery-Rvj85dxK\" data-rl_title=\"\" data-rl_caption=\"\" title=\"\"><img loading=\"lazy\" decoding=\"async\" width=\"1024\" height=\"431\" src=\"https:\/\/akmannikahvebalo.com\/wp-content\/uploads\/2015\/12\/10-1280x768-1024x431.jpg\" alt=\"\" data-id=\"1215\" data-link=\"https:\/\/akmannikahvebalo.com\/?attachment_id=1215\" class=\"wp-image-1215\" srcset=\"https:\/\/akmannikahvebalo.com\/wp-content\/uploads\/2015\/12\/10-1280x768-1024x431.jpg 1024w, https:\/\/akmannikahvebalo.com\/wp-content\/uploads\/2015\/12\/10-1280x768-300x126.jpg 300w, https:\/\/akmannikahvebalo.com\/wp-content\/uploads\/2015\/12\/10-1280x768-768x323.jpg 768w, https:\/\/akmannikahvebalo.com\/wp-content\/uploads\/2015\/12\/10-1280x768-600x253.jpg 600w, https:\/\/akmannikahvebalo.com\/wp-content\/uploads\/2015\/12\/10-1280x768.jpg 1280w\" sizes=\"auto, (max-width: 1024px) 100vw, 1024px\" \/><\/a><\/figure><\/li><li class=\"blocks-gallery-item\"><figure><a href=\"https:\/\/akmannikahvebalo.com\/wp-content\/uploads\/2015\/12\/5-1280x768-1024x555.jpg\" data-rel=\"lightbox-gallery-Rvj85dxK\" data-rl_title=\"\" data-rl_caption=\"\" title=\"\"><img loading=\"lazy\" decoding=\"async\" width=\"1024\" height=\"555\" src=\"https:\/\/akmannikahvebalo.com\/wp-content\/uploads\/2015\/12\/5-1280x768-1024x555.jpg\" alt=\"\" data-id=\"1207\" data-link=\"https:\/\/akmannikahvebalo.com\/?attachment_id=1207\" class=\"wp-image-1207\" srcset=\"https:\/\/akmannikahvebalo.com\/wp-content\/uploads\/2015\/12\/5-1280x768-1024x555.jpg 1024w, https:\/\/akmannikahvebalo.com\/wp-content\/uploads\/2015\/12\/5-1280x768-300x163.jpg 300w, https:\/\/akmannikahvebalo.com\/wp-content\/uploads\/2015\/12\/5-1280x768-768x416.jpg 768w, https:\/\/akmannikahvebalo.com\/wp-content\/uploads\/2015\/12\/5-1280x768-600x325.jpg 600w, https:\/\/akmannikahvebalo.com\/wp-content\/uploads\/2015\/12\/5-1280x768.jpg 1280w\" sizes=\"auto, (max-width: 1024px) 100vw, 1024px\" \/><\/a><\/figure><\/li><li class=\"blocks-gallery-item\"><figure><a href=\"https:\/\/akmannikahvebalo.com\/wp-content\/uploads\/2019\/05\/unnamed-file-15-1024x683.jpg\" data-rel=\"lightbox-gallery-Rvj85dxK\" data-rl_title=\"\" data-rl_caption=\"\" title=\"\"><img loading=\"lazy\" decoding=\"async\" width=\"1024\" height=\"683\" src=\"https:\/\/akmannikahvebalo.com\/wp-content\/uploads\/2019\/05\/unnamed-file-15-1024x683.jpg\" alt=\"\" data-id=\"1190\" data-link=\"https:\/\/akmannikahvebalo.com\/?attachment_id=1190\" class=\"wp-image-1190\" srcset=\"https:\/\/akmannikahvebalo.com\/wp-content\/uploads\/2019\/05\/unnamed-file-15-1024x683.jpg 1024w, https:\/\/akmannikahvebalo.com\/wp-content\/uploads\/2019\/05\/unnamed-file-15-300x200.jpg 300w, https:\/\/akmannikahvebalo.com\/wp-content\/uploads\/2019\/05\/unnamed-file-15-768x512.jpg 768w, https:\/\/akmannikahvebalo.com\/wp-content\/uploads\/2019\/05\/unnamed-file-15-600x400.jpg 600w, https:\/\/akmannikahvebalo.com\/wp-content\/uploads\/2019\/05\/unnamed-file-15.jpg 1151w\" sizes=\"auto, (max-width: 1024px) 100vw, 1024px\" \/><\/a><\/figure><\/li><li class=\"blocks-gallery-item\"><figure><a href=\"https:\/\/akmannikahvebalo.com\/wp-content\/uploads\/2019\/05\/unnamed-file-12-1024x418.jpg\" data-rel=\"lightbox-gallery-Rvj85dxK\" data-rl_title=\"\" data-rl_caption=\"\" title=\"\"><img loading=\"lazy\" decoding=\"async\" width=\"1024\" height=\"418\" src=\"https:\/\/akmannikahvebalo.com\/wp-content\/uploads\/2019\/05\/unnamed-file-12-1024x418.jpg\" alt=\"\" data-id=\"1184\" data-link=\"https:\/\/akmannikahvebalo.com\/?attachment_id=1184\" class=\"wp-image-1184\" srcset=\"https:\/\/akmannikahvebalo.com\/wp-content\/uploads\/2019\/05\/unnamed-file-12-1024x418.jpg 1024w, https:\/\/akmannikahvebalo.com\/wp-content\/uploads\/2019\/05\/unnamed-file-12-300x123.jpg 300w, https:\/\/akmannikahvebalo.com\/wp-content\/uploads\/2019\/05\/unnamed-file-12-768x314.jpg 768w, https:\/\/akmannikahvebalo.com\/wp-content\/uploads\/2019\/05\/unnamed-file-12-600x245.jpg 600w, https:\/\/akmannikahvebalo.com\/wp-content\/uploads\/2019\/05\/unnamed-file-12.jpg 1280w\" sizes=\"auto, (max-width: 1024px) 100vw, 1024px\" \/><\/a><\/figure><\/li><li class=\"blocks-gallery-item\"><figure><a href=\"https:\/\/akmannikahvebalo.com\/wp-content\/uploads\/2019\/05\/unnamed-file-10-1024x525.jpg\" data-rel=\"lightbox-gallery-Rvj85dxK\" data-rl_title=\"\" data-rl_caption=\"\" title=\"\"><img loading=\"lazy\" decoding=\"async\" width=\"1024\" height=\"525\" src=\"https:\/\/akmannikahvebalo.com\/wp-content\/uploads\/2019\/05\/unnamed-file-10-1024x525.jpg\" alt=\"\" data-id=\"1180\" data-link=\"https:\/\/akmannikahvebalo.com\/?attachment_id=1180\" class=\"wp-image-1180\" srcset=\"https:\/\/akmannikahvebalo.com\/wp-content\/uploads\/2019\/05\/unnamed-file-10-1024x525.jpg 1024w, https:\/\/akmannikahvebalo.com\/wp-content\/uploads\/2019\/05\/unnamed-file-10-300x154.jpg 300w, https:\/\/akmannikahvebalo.com\/wp-content\/uploads\/2019\/05\/unnamed-file-10-768x394.jpg 768w, https:\/\/akmannikahvebalo.com\/wp-content\/uploads\/2019\/05\/unnamed-file-10-600x308.jpg 600w, https:\/\/akmannikahvebalo.com\/wp-content\/uploads\/2019\/05\/unnamed-file-10.jpg 1280w\" sizes=\"auto, (max-width: 1024px) 100vw, 1024px\" \/><\/a><\/figure><\/li><\/ul>\n\n\n\n<p><\/p>\n","protected":false},"excerpt":{"rendered":"<p>G\u00fcne\u015f Ve Ya\u011fmurdan Etkilenmeyen Ankara&#8217;n\u0131n Tek A\u00e7\u0131k Hava K\u0131r Nikah\u0131 G\u00f6lsesi Havuz Ba\u015f\u0131nda &#8221; EVET &#8221; demek ister misiniz.<\/p>\n","protected":false},"author":1,"featured_media":1142,"parent":139,"menu_order":20,"comment_status":"closed","ping_status":"closed","template":"","meta":{"footnotes":"","_links_to":"","_links_to_target":""},"class_list":["post-1035","page","type-page","status-publish","has-post-thumbnail","hentry"],"_links":{"self":[{"href":"https:\/\/akmannikahvebalo.com\/index.php?rest_route=\/wp\/v2\/pages\/1035","targetHints":{"allow":["GET"]}}],"collection":[{"href":"https:\/\/akmannikahvebalo.com\/index.php?rest_route=\/wp\/v2\/pages"}],"about":[{"href":"https:\/\/akmannikahvebalo.com\/index.php?rest_route=\/wp\/v2\/types\/page"}],"author":[{"embeddable":true,"href":"https:\/\/akmannikahvebalo.com\/index.php?rest_route=\/wp\/v2\/users\/1"}],"replies":[{"embeddable":true,"href":"https:\/\/akmannikahvebalo.com\/index.php?rest_route=%2Fwp%2Fv2%2Fcomments&post=1035"}],"version-history":[{"count":16,"href":"https:\/\/akmannikahvebalo.com\/index.php?rest_route=\/wp\/v2\/pages\/1035\/revisions"}],"predecessor-version":[{"id":1498,"href":"https:\/\/akmannikahvebalo.com\/index.php?rest_route=\/wp\/v2\/pages\/1035\/revisions\/1498"}],"up":[{"embeddable":true,"href":"https:\/\/akmannikahvebalo.com\/index.php?rest_route=\/wp\/v2\/pages\/139"}],"wp:featuredmedia":[{"embeddable":true,"href":"https:\/\/akmannikahvebalo.com\/index.php?rest_route=\/wp\/v2\/media\/1142"}],"wp:attachment":[{"href":"https:\/\/akmannikahvebalo.com\/index.php?rest_route=%2Fwp%2Fv2%2Fmedia&parent=1035"}],"curies":[{"name":"wp","href":"https:\/\/api.w.org\/{rel}","templated":true}]}}