{"id":108,"date":"2015-12-03T14:54:43","date_gmt":"2015-12-03T14:54:43","guid":{"rendered":"http:\/\/akmannikahvebalo.com\/?page_id=108"},"modified":"2018-02-13T16:13:56","modified_gmt":"2018-02-13T16:13:56","slug":"hakkimizda","status":"publish","type":"page","link":"https:\/\/akmannikahvebalo.com\/?page_id=108","title":{"rendered":"Hakk\u0131m\u0131zda"},"content":{"rendered":"<p><a href=\"http:\/\/akmannikahvebalo.com\/wp-content\/uploads\/2015\/12\/hakkimizda.png\" data-rel=\"lightbox-gallery-tmSO2fEk\" data-rl_title=\"\" data-rl_caption=\"\" title=\"\"><img decoding=\"async\" class=\"alignnone size-full wp-image-125\" src=\"http:\/\/akmannikahvebalo.com\/wp-content\/uploads\/2015\/12\/hakkimizda.png\" alt=\"hakkimizda\" width=\"100%\" height=\"350\" srcset=\"https:\/\/akmannikahvebalo.com\/wp-content\/uploads\/2015\/12\/hakkimizda.png 1269w, https:\/\/akmannikahvebalo.com\/wp-content\/uploads\/2015\/12\/hakkimizda-300x92.png 300w, https:\/\/akmannikahvebalo.com\/wp-content\/uploads\/2015\/12\/hakkimizda-1024x315.png 1024w, https:\/\/akmannikahvebalo.com\/wp-content\/uploads\/2015\/12\/hakkimizda-600x184.png 600w\" sizes=\"(max-width: 1269px) 100vw, 1269px\" \/><\/a><\/p>\n<p>&nbsp;<\/p>\n<p><strong>AKMAN\u00a0 K\u0130MD\u0130R<\/strong><\/p>\n<p>Ankara\u2019n\u0131n en g\u00f6zde yerlerinde;Akman&amp;Nikah&amp;Balo (Harikalar Diyar\u0131 Park\u0131), G\u00f6lsesi (Harikalar Diyar\u0131 Park\u0131), Akman R\u00f6nesans (\u00c7ayyolu), Akman Tzob Otel (Yenimahalle) \u015eubeleri ile ses getiren Organizasyonlara imza atmaktad\u0131r. G\u00fcn ge\u00e7tik\u00e7e b\u00fcy\u00fcyen ve kendini geli\u015ftiren kurumsal yap\u0131s\u0131 ve uzman kadrosuyla y\u00fckselen bir marka olmaya devam etmektedir.<\/p>\n<p>&nbsp;<\/p>\n<p><strong>H\u0130ZMETLER\u0130M\u0130Z\u00a0\u00a0<\/strong><\/p>\n<p>Organizasyon sekt\u00f6r\u00fcn\u00fcn b\u00fcy\u00fcmesi ile beraber s\u0131radan organizasyonlar\u0131n yerini fark yaratan ak\u0131lda kalan ve en \u00e7ok konu\u015fulan organizasyon\u00a0 olma \u00f6zelli\u011fi ta\u015f\u0131yan\u00a0 istekler yer almaya ba\u015flad\u0131. Bunun sonucu olarak organizasyon sahipleri\u00a0 sekt\u00f6rde fark yaratan mekanlar\u0131 ve profesyonel yard\u0131m alabilecekleri ekipleri tercih etmeye ba\u015flad\u0131lar.<\/p>\n<p>AKMAN\u00a0 olarak bu anlamda g\u00f6r\u00fc\u015fmenin yap\u0131ld\u0131\u011f\u0131 ilk g\u00fcnden ba\u015flayarak organizasyon sonuna kadar konusunda uzman\u00a0 dan\u0131\u015fmanlar e\u015fli\u011finde her organizasyonda fark yaratmay\u0131 ba\u015farmaktad\u0131r.<\/p>\n<p>\u00c7ok ama\u00e7l\u0131 salonlar\u0131m\u0131zda ; Toplant\u0131, Seminer, Kongre, Konferans, Sergi, Firma Tan\u0131t\u0131m Yemekleri, Bayii Toplant\u0131lar\u0131, \u00d6zel Nikah T\u00f6reni, Kokteyl, \u00d6zel G\u00fcn ve Geceler, Mezuniyet Balolar\u0131, D\u00fc\u011f\u00fcn Davet organizasyonlar\u0131,\u00a0 gibi her t\u00fcrl\u00fc hizmet talebinde her ihtiyaca uygun \u00e7ok ama\u00e7l\u0131 salonlar\u0131 ve konusunda uzman personeli ile birlikte ayr\u0131cal\u0131kl\u0131 hizmetler veriyoruz.<\/p>\n<p>&nbsp;<\/p>\n<div><strong>ORGAN\u0130ZASYON \u0130\u00c7\u0130NDEK\u0130 AYRICALIKLI H\u0130ZMETLER<\/strong><\/div>\n<div><\/div>\n<div>\u2022Talebinize uygun canl\u0131 m\u00fczik se\u00e7enekleri ; Halk M\u00fczi\u011fi, Pop\u00fcler M\u00fczik, Klasik Bat\u0131 M\u00fczi\u011fi(Kokteyl Organizasyonlar\u0131),Tasavvuf M\u00fczi\u011fi ve Alaturka Fas\u0131l Gruplar\u0131.<\/div>\n<div>\u2022Organizasyon \u00f6ncesi uzman dan\u0131\u015fman e\u015fli\u011finde \u00f6n haz\u0131rl\u0131k.<\/div>\n<div>\u2022Minik konuklar\u0131m\u0131z i\u00e7in oyun alan\u0131 ve palya\u00e7o hizmeti.<\/div>\n<div>\u2022Her salon i\u00e7in organizasyon dan\u0131\u015fmanlar\u0131.<\/div>\n<div>\u2022Salon host ve hostesleri.<\/div>\n<div>\u2022Profesyonel servis\u00a0elamanlar\u0131\u00a0e\u015fli\u011finde \u015f\u0131k sunumlar.<\/div>\n<div>\u2022G\u00f6rsel \u015fovlar.<\/div>\n<div>\u2022S\u00fcnnet organizasyonlar\u0131nda padi\u015fah taht\u0131 ile giri\u015f \u015fovu.<\/div>\n<div>\u2022Toplant\u0131 , seminer, kongre organizasyonlar\u0131n\u0131z i\u00e7in geni\u015f, sunuma uygun sahne d\u00fczeni.<\/div>\n<div>\u2022Kurumsal organizasyonlarda cafe break hizmeti, toplant\u0131 sunum d\u00fczenleri.<\/div>\n<div>\u2022Ramazan ay\u0131nda zengin men\u00fc se\u00e7enekleri ve g\u00fcn\u00fcn anlam\u0131na uygun m\u00fczik dinletisiyle<strong>\u00a0i\u017ftar yeme\u011fi<\/strong>\u00a0organizasyonlar\u0131.<\/div>\n<div>\u2022Alan\u0131nda uzman personellerle, tesis i\u00e7inde bulunan salonlarda<strong>\u00a0foto\u011fraf<\/strong>\u00a0ve<strong>\u00a0kuaf\u00f6r<\/strong>\u00a0hizmeti.<\/div>\n<div>\u2022Her t\u00fcrl\u00fc organizasyon se\u00e7ene\u011fine uygun davetiye, nikah \u015fekeri,salon s\u00fcslemesi vb. hizmetleri.<\/div>\n<div>\u2022Evlenecek \u00e7i\u017ftlere tesisimizi, hizmetlerimizi, bizden faydalanacaklar\u0131 alanlar\u0131, titizlikle anlatan g\u00fc\u00e7l\u00fc bir ekiple hizmet vermekteyiz.<\/div>\n<p><strong>NELER YAPIYORUZ;<\/strong><\/p>\n<ul>\n<li>Toplu Yemek Organizasyonlar\u0131,<\/li>\n<li>D\u00fc\u011f\u00fcn, Ni\u015fan, K\u0131na Gecesi, S\u00fcnnet D\u00fc\u011f\u00fcn\u00fc,<\/li>\n<li>\u00d6zel Nikah T\u00f6reni,<\/li>\n<li>Kokteyl Organizasyonlar\u0131,<\/li>\n<li>Mezuniyet Balolar\u0131,<\/li>\n<li>Seminer, Toplant\u0131,<\/li>\n<li>Konferans,<\/li>\n<li>Firma Tan\u0131t\u0131m Yemekleri,<\/li>\n<li>\u0130\u015f Yemekleri,<\/li>\n<li>\u0130ftar Yemekleri,<\/li>\n<li>Tiyatro G\u00f6sterileri,<\/li>\n<li>Resim , Foto\u011fraf, At\u00f6lye Sergileri,<\/li>\n<li>Ki\u015fisel Sunum G\u00fcnleri,<\/li>\n<li>E\u011fitim g\u00fcnleri<\/li>\n<li>Sertifika Programlar\u0131<\/li>\n<\/ul>\n","protected":false},"excerpt":{"rendered":"<p>&nbsp; AKMAN\u00a0 K\u0130MD\u0130R Ankara\u2019n\u0131n en g\u00f6zde yerlerinde;Akman&amp;Nikah&amp;Balo (Harikalar Diyar\u0131 Park\u0131), G\u00f6lsesi (Harikalar Diyar\u0131 Park\u0131), Akman R\u00f6nesans (\u00c7ayyolu), Akman Tzob Otel (Yenimahalle) \u015eubeleri ile ses getiren Organizasyonlara imza atmaktad\u0131r. G\u00fcn ge\u00e7tik\u00e7e b\u00fcy\u00fcyen ve kendini geli\u015ftiren kurumsal yap\u0131s\u0131 ve uzman kadrosuyla y\u00fckselen bir marka olmaya devam etmektedir. &nbsp; H\u0130ZMETLER\u0130M\u0130Z\u00a0\u00a0 Organizasyon sekt\u00f6r\u00fcn\u00fcn b\u00fcy\u00fcmesi ile beraber s\u0131radan organizasyonlar\u0131n yerini [&hellip;]<\/p>\n","protected":false},"author":1,"featured_media":0,"parent":0,"menu_order":9,"comment_status":"closed","ping_status":"closed","template":"","meta":{"footnotes":"","_links_to":"","_links_to_target":""},"class_list":["post-108","page","type-page","status-publish","hentry"],"_links":{"self":[{"href":"https:\/\/akmannikahvebalo.com\/index.php?rest_route=\/wp\/v2\/pages\/108","targetHints":{"allow":["GET"]}}],"collection":[{"href":"https:\/\/akmannikahvebalo.com\/index.php?rest_route=\/wp\/v2\/pages"}],"about":[{"href":"https:\/\/akmannikahvebalo.com\/index.php?rest_route=\/wp\/v2\/types\/page"}],"author":[{"embeddable":true,"href":"https:\/\/akmannikahvebalo.com\/index.php?rest_route=\/wp\/v2\/users\/1"}],"replies":[{"embeddable":true,"href":"https:\/\/akmannikahvebalo.com\/index.php?rest_route=%2Fwp%2Fv2%2Fcomments&post=108"}],"version-history":[{"count":0,"href":"https:\/\/akmannikahvebalo.com\/index.php?rest_route=\/wp\/v2\/pages\/108\/revisions"}],"wp:attachment":[{"href":"https:\/\/akmannikahvebalo.com\/index.php?rest_route=%2Fwp%2Fv2%2Fmedia&parent=108"}],"curies":[{"name":"wp","href":"https:\/\/api.w.org\/{rel}","templated":true}]}}