{"id":145,"date":"2023-07-06T00:00:29","date_gmt":"2023-07-06T00:00:29","guid":{"rendered":"http:\/\/akmannikahvebalo.com\/?page_id=145"},"modified":"2023-07-06T16:51:06","modified_gmt":"2023-07-06T16:51:06","slug":"prime-salon","status":"publish","type":"page","link":"https:\/\/akmannikahvebalo.com\/?page_id=145","title":{"rendered":"Akman Prime"},"content":{"rendered":"<p>Salonumuz&nbsp;450 ki\u015filik olup , Fuaye alan\u0131 ile birlikte&nbsp;600 ki\u015filik kapasiteye sahip salonumuzda,&nbsp; zengin men\u00fc se\u00e7enekleri e\u015fli\u011finde&nbsp; \u00d6zel G\u00fcn ve Geceler, Mezuniyet Balolar\u0131, D\u00fc\u011f\u00fcn Davet organizasyonlar\u0131,&nbsp; gibi her t\u00fcrl\u00fc organizasyon talebine uygun \u00e7ok ama\u00e7l\u0131 \u015f\u0131k ve ferah bir salondur.<\/p>\n\n\t\t<style type=\"text\/css\">\n\t\t\t#gallery-1 {\n\t\t\t\tmargin: auto;\n\t\t\t}\n\t\t\t#gallery-1 .gallery-item {\n\t\t\t\tfloat: left;\n\t\t\t\tmargin-top: 10px;\n\t\t\t\ttext-align: center;\n\t\t\t\twidth: 33%;\n\t\t\t}\n\t\t\t#gallery-1 img {\n\t\t\t\tborder: 2px solid #cfcfcf;\n\t\t\t}\n\t\t\t#gallery-1 .gallery-caption {\n\t\t\t\tmargin-left: 0;\n\t\t\t}\n\t\t\t\/* see gallery_shortcode() in wp-includes\/media.php *\/\n\t\t<\/style>\n\t\t<div id='gallery-1' class='gallery galleryid-145 gallery-columns-3 gallery-size-thumbnail'><dl class='gallery-item'>\n\t\t\t<dt class='gallery-icon landscape'>\n\t\t\t\t<a href='https:\/\/akmannikahvebalo.com\/wp-content\/uploads\/2015\/12\/unnamed-file17.jpg' title=\"\" data-rl_title=\"\" class=\"rl-gallery-link\" data-rl_caption=\"\" data-rel=\"lightbox-gallery-1\"><img loading=\"lazy\" decoding=\"async\" width=\"200\" height=\"200\" src=\"https:\/\/akmannikahvebalo.com\/wp-content\/uploads\/2015\/12\/unnamed-file17-200x200.jpg\" class=\"attachment-thumbnail size-thumbnail\" alt=\"\" aria-describedby=\"gallery-1-764\" \/><\/a>\n\t\t\t<\/dt>\n\t\t\t\t<dd class='wp-caption-text gallery-caption' id='gallery-1-764'>\n\t\t\t\tAkman Prime\n\t\t\t\t<\/dd><\/dl><dl class='gallery-item'>\n\t\t\t<dt class='gallery-icon landscape'>\n\t\t\t\t<a href='https:\/\/akmannikahvebalo.com\/wp-content\/uploads\/2015\/12\/unnamed-file18.jpg' title=\"\" data-rl_title=\"\" class=\"rl-gallery-link\" data-rl_caption=\"\" data-rel=\"lightbox-gallery-1\"><img loading=\"lazy\" decoding=\"async\" width=\"200\" height=\"200\" src=\"https:\/\/akmannikahvebalo.com\/wp-content\/uploads\/2015\/12\/unnamed-file18-200x200.jpg\" class=\"attachment-thumbnail size-thumbnail\" alt=\"\" aria-describedby=\"gallery-1-765\" \/><\/a>\n\t\t\t<\/dt>\n\t\t\t\t<dd class='wp-caption-text gallery-caption' id='gallery-1-765'>\n\t\t\t\tAkman Prime\n\t\t\t\t<\/dd><\/dl><dl class='gallery-item'>\n\t\t\t<dt class='gallery-icon landscape'>\n\t\t\t\t<a href='https:\/\/akmannikahvebalo.com\/wp-content\/uploads\/2015\/12\/unnamed-file19.jpg' title=\"\" data-rl_title=\"\" class=\"rl-gallery-link\" data-rl_caption=\"\" data-rel=\"lightbox-gallery-1\"><img loading=\"lazy\" decoding=\"async\" width=\"200\" height=\"200\" src=\"https:\/\/akmannikahvebalo.com\/wp-content\/uploads\/2015\/12\/unnamed-file19-200x200.jpg\" class=\"attachment-thumbnail size-thumbnail\" alt=\"\" aria-describedby=\"gallery-1-767\" \/><\/a>\n\t\t\t<\/dt>\n\t\t\t\t<dd class='wp-caption-text gallery-caption' id='gallery-1-767'>\n\t\t\t\tAkman Prime\n\t\t\t\t<\/dd><\/dl><br style=\"clear: both\" \/><dl class='gallery-item'>\n\t\t\t<dt class='gallery-icon landscape'>\n\t\t\t\t<a href='https:\/\/akmannikahvebalo.com\/wp-content\/uploads\/2015\/12\/unnamed-file10.jpg' title=\"\" data-rl_title=\"\" class=\"rl-gallery-link\" data-rl_caption=\"\" data-rel=\"lightbox-gallery-1\"><img loading=\"lazy\" decoding=\"async\" width=\"200\" height=\"200\" src=\"https:\/\/akmannikahvebalo.com\/wp-content\/uploads\/2015\/12\/unnamed-file10-200x200.jpg\" class=\"attachment-thumbnail size-thumbnail\" alt=\"\" aria-describedby=\"gallery-1-755\" \/><\/a>\n\t\t\t<\/dt>\n\t\t\t\t<dd class='wp-caption-text gallery-caption' id='gallery-1-755'>\n\t\t\t\tAkman Prime\n\t\t\t\t<\/dd><\/dl><dl class='gallery-item'>\n\t\t\t<dt class='gallery-icon landscape'>\n\t\t\t\t<a href='https:\/\/akmannikahvebalo.com\/wp-content\/uploads\/2015\/12\/unnamed-file11.jpg' title=\"\" data-rl_title=\"\" class=\"rl-gallery-link\" data-rl_caption=\"\" data-rel=\"lightbox-gallery-1\"><img loading=\"lazy\" decoding=\"async\" width=\"200\" height=\"200\" src=\"https:\/\/akmannikahvebalo.com\/wp-content\/uploads\/2015\/12\/unnamed-file11-200x200.jpg\" class=\"attachment-thumbnail size-thumbnail\" alt=\"\" aria-describedby=\"gallery-1-756\" \/><\/a>\n\t\t\t<\/dt>\n\t\t\t\t<dd class='wp-caption-text gallery-caption' id='gallery-1-756'>\n\t\t\t\tAkman Prime\n\t\t\t\t<\/dd><\/dl><dl class='gallery-item'>\n\t\t\t<dt class='gallery-icon landscape'>\n\t\t\t\t<a href='https:\/\/akmannikahvebalo.com\/wp-content\/uploads\/2015\/12\/unnamed-file5.jpg' title=\"\" data-rl_title=\"\" class=\"rl-gallery-link\" data-rl_caption=\"\" data-rel=\"lightbox-gallery-1\"><img loading=\"lazy\" decoding=\"async\" width=\"200\" height=\"200\" src=\"https:\/\/akmannikahvebalo.com\/wp-content\/uploads\/2015\/12\/unnamed-file5-200x200.jpg\" class=\"attachment-thumbnail size-thumbnail\" alt=\"\" aria-describedby=\"gallery-1-750\" \/><\/a>\n\t\t\t<\/dt>\n\t\t\t\t<dd class='wp-caption-text gallery-caption' id='gallery-1-750'>\n\t\t\t\tAkman Prime\n\t\t\t\t<\/dd><\/dl><br style=\"clear: both\" \/><dl class='gallery-item'>\n\t\t\t<dt class='gallery-icon landscape'>\n\t\t\t\t<a href='https:\/\/akmannikahvebalo.com\/wp-content\/uploads\/2018\/08\/Akman-Premium11.jpg' title=\"\" data-rl_title=\"\" class=\"rl-gallery-link\" data-rl_caption=\"\" data-rel=\"lightbox-gallery-1\"><img loading=\"lazy\" decoding=\"async\" width=\"200\" height=\"200\" src=\"https:\/\/akmannikahvebalo.com\/wp-content\/uploads\/2018\/08\/Akman-Premium11-200x200.jpg\" class=\"attachment-thumbnail size-thumbnail\" alt=\"\" aria-describedby=\"gallery-1-724\" \/><\/a>\n\t\t\t<\/dt>\n\t\t\t\t<dd class='wp-caption-text gallery-caption' id='gallery-1-724'>\n\t\t\t\tAkman Prime\n\t\t\t\t<\/dd><\/dl><dl class='gallery-item'>\n\t\t\t<dt class='gallery-icon landscape'>\n\t\t\t\t<a href='https:\/\/akmannikahvebalo.com\/wp-content\/uploads\/2018\/08\/Akman-Prem\u0131um.jpg' title=\"\" data-rl_title=\"\" class=\"rl-gallery-link\" data-rl_caption=\"\" data-rel=\"lightbox-gallery-1\"><img loading=\"lazy\" decoding=\"async\" width=\"200\" height=\"200\" src=\"https:\/\/akmannikahvebalo.com\/wp-content\/uploads\/2018\/08\/Akman-Prem\u0131um-200x200.jpg\" class=\"attachment-thumbnail size-thumbnail\" alt=\"\" aria-describedby=\"gallery-1-704\" \/><\/a>\n\t\t\t<\/dt>\n\t\t\t\t<dd class='wp-caption-text gallery-caption' id='gallery-1-704'>\n\t\t\t\tAkman Prime\n\t\t\t\t<\/dd><\/dl><dl class='gallery-item'>\n\t\t\t<dt class='gallery-icon landscape'>\n\t\t\t\t<a href='https:\/\/akmannikahvebalo.com\/wp-content\/uploads\/2018\/08\/Akman-Premium4.jpg' title=\"\" data-rl_title=\"\" class=\"rl-gallery-link\" data-rl_caption=\"\" data-rel=\"lightbox-gallery-1\"><img loading=\"lazy\" decoding=\"async\" width=\"200\" height=\"200\" src=\"https:\/\/akmannikahvebalo.com\/wp-content\/uploads\/2018\/08\/Akman-Premium4-200x200.jpg\" class=\"attachment-thumbnail size-thumbnail\" alt=\"\" aria-describedby=\"gallery-1-706\" \/><\/a>\n\t\t\t<\/dt>\n\t\t\t\t<dd class='wp-caption-text gallery-caption' id='gallery-1-706'>\n\t\t\t\tAkman Prime\n\t\t\t\t<\/dd><\/dl><br style=\"clear: both\" \/><dl class='gallery-item'>\n\t\t\t<dt class='gallery-icon landscape'>\n\t\t\t\t<a href='https:\/\/akmannikahvebalo.com\/wp-content\/uploads\/2019\/05\/unnamed-file-8.jpg' title=\"\" data-rl_title=\"\" class=\"rl-gallery-link\" data-rl_caption=\"\" data-rel=\"lightbox-gallery-1\"><img loading=\"lazy\" decoding=\"async\" width=\"200\" height=\"200\" src=\"https:\/\/akmannikahvebalo.com\/wp-content\/uploads\/2019\/05\/unnamed-file-8-200x200.jpg\" class=\"attachment-thumbnail size-thumbnail\" alt=\"\" aria-describedby=\"gallery-1-1174\" \/><\/a>\n\t\t\t<\/dt>\n\t\t\t\t<dd class='wp-caption-text gallery-caption' id='gallery-1-1174'>\n\t\t\t\tAkman Prime\n\t\t\t\t<\/dd><\/dl><dl class='gallery-item'>\n\t\t\t<dt class='gallery-icon landscape'>\n\t\t\t\t<a href='https:\/\/akmannikahvebalo.com\/wp-content\/uploads\/2019\/05\/unnamed-file-7.jpg' title=\"\" data-rl_title=\"\" class=\"rl-gallery-link\" data-rl_caption=\"\" data-rel=\"lightbox-gallery-1\"><img loading=\"lazy\" decoding=\"async\" width=\"200\" height=\"200\" src=\"https:\/\/akmannikahvebalo.com\/wp-content\/uploads\/2019\/05\/unnamed-file-7-200x200.jpg\" class=\"attachment-thumbnail size-thumbnail\" alt=\"\" aria-describedby=\"gallery-1-1172\" \/><\/a>\n\t\t\t<\/dt>\n\t\t\t\t<dd class='wp-caption-text gallery-caption' id='gallery-1-1172'>\n\t\t\t\tAkman Prime\n\t\t\t\t<\/dd><\/dl><dl class='gallery-item'>\n\t\t\t<dt class='gallery-icon landscape'>\n\t\t\t\t<a href='https:\/\/akmannikahvebalo.com\/wp-content\/uploads\/2015\/12\/slide2.jpg' title=\"\" data-rl_title=\"\" class=\"rl-gallery-link\" data-rl_caption=\"\" data-rel=\"lightbox-gallery-1\"><img loading=\"lazy\" decoding=\"async\" width=\"200\" height=\"200\" src=\"https:\/\/akmannikahvebalo.com\/wp-content\/uploads\/2015\/12\/slide2-200x200.jpg\" class=\"attachment-thumbnail size-thumbnail\" alt=\"\" aria-describedby=\"gallery-1-201\" \/><\/a>\n\t\t\t<\/dt>\n\t\t\t\t<dd class='wp-caption-text gallery-caption' id='gallery-1-201'>\n\t\t\t\tPrime G\u00f6l Kenar\u0131nda \n\t\t\t\t<\/dd><\/dl><br style=\"clear: both\" \/>\n\t\t<\/div>\n\n","protected":false},"excerpt":{"rendered":"<p>Salonumuz&nbsp;450 ki\u015filik olup , Fuaye alan\u0131 ile birlikte&nbsp;600 ki\u015filik kapasiteye sahip salonumuzda,&nbsp; zengin men\u00fc se\u00e7enekleri e\u015fli\u011finde&nbsp; \u00d6zel G\u00fcn ve Geceler, Mezuniyet Balolar\u0131, D\u00fc\u011f\u00fcn Davet organizasyonlar\u0131,&nbsp; gibi her t\u00fcrl\u00fc organizasyon talebine uygun \u00e7ok ama\u00e7l\u0131 \u015f\u0131k ve ferah bir salondur.<\/p>\n","protected":false},"author":1,"featured_media":764,"parent":139,"menu_order":17,"comment_status":"open","ping_status":"closed","template":"","meta":{"footnotes":"","_links_to":"","_links_to_target":""},"class_list":["post-145","page","type-page","status-publish","has-post-thumbnail","hentry"],"_links":{"self":[{"href":"https:\/\/akmannikahvebalo.com\/index.php?rest_route=\/wp\/v2\/pages\/145","targetHints":{"allow":["GET"]}}],"collection":[{"href":"https:\/\/akmannikahvebalo.com\/index.php?rest_route=\/wp\/v2\/pages"}],"about":[{"href":"https:\/\/akmannikahvebalo.com\/index.php?rest_route=\/wp\/v2\/types\/page"}],"author":[{"embeddable":true,"href":"https:\/\/akmannikahvebalo.com\/index.php?rest_route=\/wp\/v2\/users\/1"}],"replies":[{"embeddable":true,"href":"https:\/\/akmannikahvebalo.com\/index.php?rest_route=%2Fwp%2Fv2%2Fcomments&post=145"}],"version-history":[{"count":6,"href":"https:\/\/akmannikahvebalo.com\/index.php?rest_route=\/wp\/v2\/pages\/145\/revisions"}],"predecessor-version":[{"id":1567,"href":"https:\/\/akmannikahvebalo.com\/index.php?rest_route=\/wp\/v2\/pages\/145\/revisions\/1567"}],"up":[{"embeddable":true,"href":"https:\/\/akmannikahvebalo.com\/index.php?rest_route=\/wp\/v2\/pages\/139"}],"wp:featuredmedia":[{"embeddable":true,"href":"https:\/\/akmannikahvebalo.com\/index.php?rest_route=\/wp\/v2\/media\/764"}],"wp:attachment":[{"href":"https:\/\/akmannikahvebalo.com\/index.php?rest_route=%2Fwp%2Fv2%2Fmedia&parent=145"}],"curies":[{"name":"wp","href":"https:\/\/api.w.org\/{rel}","templated":true}]}}