{"id":149,"date":"2015-12-04T15:51:25","date_gmt":"2015-12-04T15:51:25","guid":{"rendered":"http:\/\/akmannikahvebalo.com\/?page_id=149"},"modified":"2020-01-17T15:42:43","modified_gmt":"2020-01-17T15:42:43","slug":"platin-salon","status":"publish","type":"page","link":"https:\/\/akmannikahvebalo.com\/?page_id=149","title":{"rendered":"Akman Platin"},"content":{"rendered":"<p>150 Ki\u015fiye Kadar Davetli Kapasiteli ,D\u00fc\u011f\u00fcn, K\u0131na, D\u00fc\u011f\u00fcn ,S\u00fcnnet, Okul Balosu organizasyonlar\u0131n\u0131z i\u00e7in tasarlam\u0131\u015f sade,\u015f\u0131k bir Salondur.<\/p>\n<p>\u00a0<\/p>\n<p>\u00a0<\/p>\n\n\n<p><\/p>\n","protected":false},"excerpt":{"rendered":"<p>150 Ki\u015fiye Kadar Davetli Kapasiteli ,D\u00fc\u011f\u00fcn, K\u0131na, D\u00fc\u011f\u00fcn ,S\u00fcnnet, Okul Balosu organizasyonlar\u0131n\u0131z i\u00e7in tasarlam\u0131\u015f sade,\u015f\u0131k bir Salondur. \u00a0 \u00a0<\/p>\n","protected":false},"author":1,"featured_media":0,"parent":139,"menu_order":18,"comment_status":"open","ping_status":"open","template":"","meta":{"footnotes":"","_links_to":"","_links_to_target":""},"class_list":["post-149","page","type-page","status-publish","hentry"],"_links":{"self":[{"href":"https:\/\/akmannikahvebalo.com\/index.php?rest_route=\/wp\/v2\/pages\/149","targetHints":{"allow":["GET"]}}],"collection":[{"href":"https:\/\/akmannikahvebalo.com\/index.php?rest_route=\/wp\/v2\/pages"}],"about":[{"href":"https:\/\/akmannikahvebalo.com\/index.php?rest_route=\/wp\/v2\/types\/page"}],"author":[{"embeddable":true,"href":"https:\/\/akmannikahvebalo.com\/index.php?rest_route=\/wp\/v2\/users\/1"}],"replies":[{"embeddable":true,"href":"https:\/\/akmannikahvebalo.com\/index.php?rest_route=%2Fwp%2Fv2%2Fcomments&post=149"}],"version-history":[{"count":3,"href":"https:\/\/akmannikahvebalo.com\/index.php?rest_route=\/wp\/v2\/pages\/149\/revisions"}],"predecessor-version":[{"id":1461,"href":"https:\/\/akmannikahvebalo.com\/index.php?rest_route=\/wp\/v2\/pages\/149\/revisions\/1461"}],"up":[{"embeddable":true,"href":"https:\/\/akmannikahvebalo.com\/index.php?rest_route=\/wp\/v2\/pages\/139"}],"wp:attachment":[{"href":"https:\/\/akmannikahvebalo.com\/index.php?rest_route=%2Fwp%2Fv2%2Fmedia&parent=149"}],"curies":[{"name":"wp","href":"https:\/\/api.w.org\/{rel}","templated":true}]}}