{"id":151,"date":"2015-12-04T15:51:42","date_gmt":"2015-12-04T15:51:42","guid":{"rendered":"http:\/\/akmannikahvebalo.com\/?page_id=151"},"modified":"2024-01-01T11:40:29","modified_gmt":"2024-01-01T11:40:29","slug":"butik-balo","status":"publish","type":"page","link":"https:\/\/akmannikahvebalo.com\/?page_id=151","title":{"rendered":"Butik Balo"},"content":{"rendered":"<p>100-400 ki\u015filik kapasiteli \u00e7ok ama\u00e7l\u0131 bir salondur.G\u00f6l manzaral\u0131 , konforlu salon detay\u0131 , metroya 5 dk. mesafede ula\u015f\u0131m kolayl\u0131\u011f\u0131yla En \u00e7ok tercih edilen salonlar\u0131m\u0131zdan biri olma \u00f6zelli\u011fini alm\u0131\u015ft\u0131r.<\/p>\n\n\t\t<style type=\"text\/css\">\n\t\t\t#gallery-1 {\n\t\t\t\tmargin: auto;\n\t\t\t}\n\t\t\t#gallery-1 .gallery-item {\n\t\t\t\tfloat: left;\n\t\t\t\tmargin-top: 10px;\n\t\t\t\ttext-align: center;\n\t\t\t\twidth: 20%;\n\t\t\t}\n\t\t\t#gallery-1 img {\n\t\t\t\tborder: 2px solid #cfcfcf;\n\t\t\t}\n\t\t\t#gallery-1 .gallery-caption {\n\t\t\t\tmargin-left: 0;\n\t\t\t}\n\t\t\t\/* see gallery_shortcode() in wp-includes\/media.php *\/\n\t\t<\/style>\n\t\t<div id='gallery-1' class='gallery galleryid-151 gallery-columns-5 gallery-size-thumbnail'><dl class='gallery-item'>\n\t\t\t<dt class='gallery-icon landscape'>\n\t\t\t\t<a href='https:\/\/akmannikahvebalo.com\/wp-content\/uploads\/2015\/12\/butikbalo.jpg' title=\"\" data-rl_title=\"\" class=\"rl-gallery-link\" data-rl_caption=\"\" data-rel=\"lightbox-gallery-1\"><img loading=\"lazy\" decoding=\"async\" width=\"200\" height=\"200\" src=\"https:\/\/akmannikahvebalo.com\/wp-content\/uploads\/2015\/12\/butikbalo-200x200.jpg\" class=\"attachment-thumbnail size-thumbnail\" alt=\"\" \/><\/a>\n\t\t\t<\/dt><\/dl><dl class='gallery-item'>\n\t\t\t<dt class='gallery-icon landscape'>\n\t\t\t\t<a href='https:\/\/akmannikahvebalo.com\/wp-content\/uploads\/2015\/12\/butikbalo2.jpg' title=\"\" data-rl_title=\"\" class=\"rl-gallery-link\" data-rl_caption=\"\" data-rel=\"lightbox-gallery-1\"><img loading=\"lazy\" decoding=\"async\" width=\"200\" height=\"200\" src=\"https:\/\/akmannikahvebalo.com\/wp-content\/uploads\/2015\/12\/butikbalo2-200x200.jpg\" class=\"attachment-thumbnail size-thumbnail\" alt=\"\" \/><\/a>\n\t\t\t<\/dt><\/dl><dl class='gallery-item'>\n\t\t\t<dt class='gallery-icon landscape'>\n\t\t\t\t<a href='https:\/\/akmannikahvebalo.com\/wp-content\/uploads\/2015\/12\/butikbalo3.jpg' title=\"\" data-rl_title=\"\" class=\"rl-gallery-link\" data-rl_caption=\"\" data-rel=\"lightbox-gallery-1\"><img loading=\"lazy\" decoding=\"async\" width=\"200\" height=\"200\" src=\"https:\/\/akmannikahvebalo.com\/wp-content\/uploads\/2015\/12\/butikbalo3-200x200.jpg\" class=\"attachment-thumbnail size-thumbnail\" alt=\"\" \/><\/a>\n\t\t\t<\/dt><\/dl><dl class='gallery-item'>\n\t\t\t<dt class='gallery-icon landscape'>\n\t\t\t\t<a href='https:\/\/akmannikahvebalo.com\/wp-content\/uploads\/2024\/01\/ART_8639-1-scaled.jpg' title=\"\" data-rl_title=\"\" class=\"rl-gallery-link\" data-rl_caption=\"\" data-rel=\"lightbox-gallery-1\"><img loading=\"lazy\" decoding=\"async\" width=\"200\" height=\"200\" src=\"https:\/\/akmannikahvebalo.com\/wp-content\/uploads\/2024\/01\/ART_8639-1-200x200.jpg\" class=\"attachment-thumbnail size-thumbnail\" alt=\"\" \/><\/a>\n\t\t\t<\/dt><\/dl><dl class='gallery-item'>\n\t\t\t<dt class='gallery-icon landscape'>\n\t\t\t\t<a href='https:\/\/akmannikahvebalo.com\/wp-content\/uploads\/2024\/01\/ART_8650-1-scaled.jpg' title=\"\" data-rl_title=\"\" class=\"rl-gallery-link\" data-rl_caption=\"\" data-rel=\"lightbox-gallery-1\"><img loading=\"lazy\" decoding=\"async\" width=\"200\" height=\"200\" src=\"https:\/\/akmannikahvebalo.com\/wp-content\/uploads\/2024\/01\/ART_8650-1-200x200.jpg\" class=\"attachment-thumbnail size-thumbnail\" alt=\"\" \/><\/a>\n\t\t\t<\/dt><\/dl><br style=\"clear: both\" \/>\n\t\t<\/div>\n\n","protected":false},"excerpt":{"rendered":"<p>100-400 ki\u015filik kapasiteli \u00e7ok ama\u00e7l\u0131 bir salondur.G\u00f6l manzaral\u0131 , konforlu salon detay\u0131 , metroya 5 dk. mesafede ula\u015f\u0131m kolayl\u0131\u011f\u0131yla En \u00e7ok tercih edilen salonlar\u0131m\u0131zdan biri olma \u00f6zelli\u011fini alm\u0131\u015ft\u0131r.<\/p>\n","protected":false},"author":1,"featured_media":0,"parent":139,"menu_order":16,"comment_status":"open","ping_status":"open","template":"","meta":{"footnotes":"","_links_to":"","_links_to_target":""},"class_list":["post-151","page","type-page","status-publish","hentry"],"_links":{"self":[{"href":"https:\/\/akmannikahvebalo.com\/index.php?rest_route=\/wp\/v2\/pages\/151","targetHints":{"allow":["GET"]}}],"collection":[{"href":"https:\/\/akmannikahvebalo.com\/index.php?rest_route=\/wp\/v2\/pages"}],"about":[{"href":"https:\/\/akmannikahvebalo.com\/index.php?rest_route=\/wp\/v2\/types\/page"}],"author":[{"embeddable":true,"href":"https:\/\/akmannikahvebalo.com\/index.php?rest_route=\/wp\/v2\/users\/1"}],"replies":[{"embeddable":true,"href":"https:\/\/akmannikahvebalo.com\/index.php?rest_route=%2Fwp%2Fv2%2Fcomments&post=151"}],"version-history":[{"count":1,"href":"https:\/\/akmannikahvebalo.com\/index.php?rest_route=\/wp\/v2\/pages\/151\/revisions"}],"predecessor-version":[{"id":1584,"href":"https:\/\/akmannikahvebalo.com\/index.php?rest_route=\/wp\/v2\/pages\/151\/revisions\/1584"}],"up":[{"embeddable":true,"href":"https:\/\/akmannikahvebalo.com\/index.php?rest_route=\/wp\/v2\/pages\/139"}],"wp:attachment":[{"href":"https:\/\/akmannikahvebalo.com\/index.php?rest_route=%2Fwp%2Fv2%2Fmedia&parent=151"}],"curies":[{"name":"wp","href":"https:\/\/api.w.org\/{rel}","templated":true}]}}